{"id":755,"date":"2023-10-02T15:05:34","date_gmt":"2023-10-02T15:05:34","guid":{"rendered":"https:\/\/grupokresalatechnologies.com\/aviso-legal\/"},"modified":"2023-11-07T11:07:16","modified_gmt":"2023-11-07T11:07:16","slug":"cookies","status":"publish","type":"page","link":"https:\/\/grupokresalatechnologies.com\/en\/cookies\/","title":{"rendered":"COOKIES POLICY"},"content":{"rendered":"<div class=\"wpb-content-wrapper\"><p>[vc_row css=&#8221;.vc_custom_1695807022837{padding-top: 4% !important;padding-bottom: 4% !important;}&#8221;][vc_column][vc_column_text]<\/p>\n<ul>\n<li>\n<h2><strong>POL\u00cdTICA DE COOKIES<\/strong><\/h2>\n<p>En GRUPO KRESALA TECHNOLOGIES S.L. utilizamos cookies con el objetivo de prestar un mejor servicio y proporcionarte una mejor experiencia de navegaci\u00f3n. Queremos informar de manera clara y precisa sobre las cookies que utilizamos, detallando a continuaci\u00f3n, qu\u00e9 es una cookie, para qu\u00e9 sirve, qu\u00e9 tipos de cookies utilizamos, cu\u00e1l es su finalidad y c\u00f3mo puede configurarlas o deshabilitarlas si as\u00ed lo desea.<\/p>\n<p><strong>\u00bfQu\u00e9 es una cookie y para qu\u00e9 sirve?<\/strong><\/p>\n<p>Una cookie es un peque\u00f1o archivo que se almacena en el ordenador del usuario, tablet, smartphone o cualquier otro dispositivo con informaci\u00f3n sobre la navegaci\u00f3n.<\/p>\n<p>El conjunto de cookies de todos nuestros usuarios nos ayuda a mejorar la calidad de nuestra web, permiti\u00e9ndonos controlar qu\u00e9 p\u00e1ginas son \u00fatiles, cu\u00e1les no y cu\u00e1les son susceptibles de mejora.<\/p>\n<p>Las cookies son esenciales para el funcionamiento de internet, aportando innumerables ventajas en la prestaci\u00f3n de servicios interactivos, facilitando la navegaci\u00f3n y usabilidad de nuestra web. En ning\u00fan caso las cookies podr\u00edan da\u00f1ar su equipo. Por contra, el que est\u00e9n activas nos ayuda a identificar y resolver los errores.<\/p>\n<p><strong>\u00bfQu\u00e9 tipos de cookies utilizamos?<\/strong><\/p>\n<p>Seg\u00fan la entidad que la gestiona:<\/p>\n<ul>\n<li>Cookies propias: son aquellas que se env\u00edan a su equipo desde nuestros propios equipos o dominios y desde el que prestamos el servicio que nos solicitan los usuarios.<\/li>\n<li>Cookies de terceros: son aquellas que se env\u00edan a su equipo desde un equipo o dominio que no es gestionado por nosotros, sino por otra entidad colaboradora. Como por ejemplo, las usadas por redes sociales, o por contenido externo, como Google Maps.<\/li>\n<\/ul>\n<p>Seg\u00fan el plazo de tiempo que permanecen activadas:<\/p>\n<ul>\n<li>Cookies de sesi\u00f3n: son cookies temporales que permanecen en el archivo de cookies de su navegador hasta que abandona la p\u00e1gina web, por lo que ninguna queda registrada en el disco duro de su ordenador. La informaci\u00f3n obtenida por medio de estas cookies sirve para analizar pautas de tr\u00e1fico en la web. A la larga, esto nos permite proporcionar una mejor experiencia para mejorar el contenido y facilitar su uso.<\/li>\n<li>Cookies persistentes: son almacenadas en el disco duro y nuestra web las lee cada vez que realiza una nueva visita. Una cookie persistente posee una fecha de expiraci\u00f3n determinada. La cookie dejar\u00e1 de funcionar despu\u00e9s de esa fecha.<\/li>\n<\/ul>\n<p>Seg\u00fan su finalidad:<\/p>\n<ul>\n<li>Cookies t\u00e9cnicas: son aquellas necesarias para la navegaci\u00f3n y el buen funcionamiento de nuestra p\u00e1gina web. Permiten, por ejemplo, controlar el tr\u00e1fico y la comunicaci\u00f3n de datos, acceder a partes de acceso restringido, utilizar elementos de seguridad, almacenar contenidos para poder difundir v\u00eddeos o compartir contenidos a trav\u00e9s de redes sociales.<\/li>\n<li>Cookies de personalizaci\u00f3n: son aquellas que permiten acceder al servicio con unas caracter\u00edsticas predefinidas en funci\u00f3n de una serie de criterios, como por ejemplo el idioma, el tipo de navegador a trav\u00e9s del cual se accede al servicio, la configuraci\u00f3n regional desde donde se accede al servicio, etc.<\/li>\n<li>Cookies de an\u00e1lisis: son aquellas que nos permiten cuantificar el n\u00famero de usuarios y as\u00ed realizar la medici\u00f3n y an\u00e1lisis estad\u00edstico de la utilizaci\u00f3n que hacen los usuarios de los servicios prestados. Para ello se analiza su navegaci\u00f3n en nuestra p\u00e1gina web, con el fin de mejorar la oferta de productos y servicios que ofrecemos.<\/li>\n<li>Cookies publicitarias: son aquellas que permiten la gesti\u00f3n, de la forma m\u00e1s eficaz posible, de los espacios publicitarios que se pudieran incluir en nuestra p\u00e1gina web.<\/li>\n<li>Cookies de publicidad comportamental: estas cookies almacenan informaci\u00f3n del comportamiento de los usuarios obtenida a trav\u00e9s de la observaci\u00f3n continuada. Gracias a ellas, podemos conocer los h\u00e1bitos de navegaci\u00f3n en internet y mostrar publicidad relacionada con su perfil de navegaci\u00f3n.<\/li>\n<\/ul>\n<p><strong>\u00bfC\u00f3mo puede el usuario configurar o deshabilitar sus cookies?<\/strong><\/p>\n<p>Puede permitir, bloquear o eliminar las cookies instaladas en su equipo mediante la configuraci\u00f3n de las opciones de tu navegador de Internet o bien desde la ventana emergente que le saldr\u00e1 en su primera sesi\u00f3n de acceso a la web. En caso de que no permita la instalaci\u00f3n de cookies en su navegador es posible que no pueda acceder a algunos de los servicios y que su experiencia en nuestra web pueda resultar menos satisfactoria.<\/p>\n<p>En los siguientes enlaces tiene a tu disposici\u00f3n toda la informaci\u00f3n para configurar o deshabilitar sus cookies en cada navegador:<\/p>\n<ul>\n<li><a href=\"https:\/\/support.google.com\/chrome\/answer\/95647?hl=es\" target=\"_blank\" rel=\"noopener\">Google Chrome<\/a><\/li>\n<li><a href=\"https:\/\/support.mozilla.org\/es\/kb\/habilitar-y-deshabilitar-cookies-que-los-sitios-we\" target=\"_blank\" rel=\"noopener\">Mozilla Firefox<\/a><\/li>\n<li><a href=\"http:\/\/windows.microsoft.com\/es-es\/windows-vista\/block-or-allow-cookies\" target=\"_blank\" rel=\"noopener\">Internet Explorer<\/a><\/li>\n<li><a href=\"https:\/\/support.apple.com\/kb\/PH21411?viewlocale=es_ES&amp;locale=es_ES\" target=\"_blank\" rel=\"noopener\">Safari<\/a><\/li>\n<li><a href=\"http:\/\/support.apple.com\/kb\/ht1677?viewlocale=es_es\" target=\"_blank\" rel=\"noopener\">Safari para IOS (iPhone y iPad)<\/a><\/li>\n<li><a href=\"https:\/\/support.google.com\/chrome\/answer\/2392971?hl=es\" target=\"_blank\" rel=\"noopener\">Chrome para Android<\/a><\/li>\n<\/ul>\n<\/li>\n<\/ul>\n<p>[\/vc_column_text][\/vc_column][\/vc_row]<\/p>\n<\/div>","protected":false},"excerpt":{"rendered":"<p>[vc_row css=&#8221;.vc_custom_1695807022837{padding-top: 4% !important;padding-bottom: 4% !important;}&#8221;][vc_column][vc_column_text] POL\u00cdTICA DE COOKIES En GRUPO KRESALA TECHNOLOGIES S.L. utilizamos cookies con el objetivo de prestar un mejor servicio y proporcionarte una mejor experiencia de navegaci\u00f3n. Queremos informar de manera clara y precisa sobre las cookies que utilizamos, detallando a continuaci\u00f3n, qu\u00e9 es una cookie, para qu\u00e9 sirve, qu\u00e9 tipos&hellip;<\/p>\n","protected":false},"author":1,"featured_media":0,"parent":0,"menu_order":11,"comment_status":"closed","ping_status":"closed","template":"","meta":{"footnotes":""},"class_list":["post-755","page","type-page","status-publish","hentry","description-off"],"_links":{"self":[{"href":"https:\/\/grupokresalatechnologies.com\/en\/wp-json\/wp\/v2\/pages\/755","targetHints":{"allow":["GET"]}}],"collection":[{"href":"https:\/\/grupokresalatechnologies.com\/en\/wp-json\/wp\/v2\/pages"}],"about":[{"href":"https:\/\/grupokresalatechnologies.com\/en\/wp-json\/wp\/v2\/types\/page"}],"author":[{"embeddable":true,"href":"https:\/\/grupokresalatechnologies.com\/en\/wp-json\/wp\/v2\/users\/1"}],"replies":[{"embeddable":true,"href":"https:\/\/grupokresalatechnologies.com\/en\/wp-json\/wp\/v2\/comments?post=755"}],"version-history":[{"count":3,"href":"https:\/\/grupokresalatechnologies.com\/en\/wp-json\/wp\/v2\/pages\/755\/revisions"}],"predecessor-version":[{"id":1200,"href":"https:\/\/grupokresalatechnologies.com\/en\/wp-json\/wp\/v2\/pages\/755\/revisions\/1200"}],"wp:attachment":[{"href":"https:\/\/grupokresalatechnologies.com\/en\/wp-json\/wp\/v2\/media?parent=755"}],"curies":[{"name":"wp","href":"https:\/\/api.w.org\/{rel}","templated":true}]}}