{"id":758,"date":"2023-10-02T15:06:54","date_gmt":"2023-10-02T15:06:54","guid":{"rendered":"https:\/\/grupokresalatechnologies.com\/politica-de-privacidad\/"},"modified":"2023-11-07T11:06:39","modified_gmt":"2023-11-07T11:06:39","slug":"privacy-policy","status":"publish","type":"page","link":"https:\/\/grupokresalatechnologies.com\/en\/privacy-policy\/","title":{"rendered":"PRIVACY POLICY"},"content":{"rendered":"<div class=\"wpb-content-wrapper\"><p>[vc_row css=&#8221;.vc_custom_1695807022837{padding-top: 4% !important;padding-bottom: 4% !important;}&#8221;][vc_column][vc_column_text]<\/p>\n<ul>\n<li>\n<h2>POL\u00cdTICA DE PRIVACIDAD<\/h2>\n<p>Nuestra Pol\u00edtica de Privacidad se ha dise\u00f1ado de acuerdo con el Reglamento General de Protecci\u00f3n de Datos de la UE 2016\/679, relativo a la protecci\u00f3n de las personas f\u00edsicas en lo que respecta al tratamiento de datos personales y a la libre circulaci\u00f3n de estos datos.<\/p>\n<p>Al facilitarnos sus datos, usted declara haber le\u00eddo y conocer la presente Pol\u00edtica de Privacidad, prestando su consentimiento inequ\u00edvoco y expreso al tratamiento de sus datos personales de acuerdo a las finalidades y t\u00e9rminos aqu\u00ed expresados. La empresa podr\u00e1 modificar la presente pol\u00edtica de privacidad, para adaptarla a las novedades legislativas, jurisprudenciales o de interpretaci\u00f3n de la Agencia Espa\u00f1ola de Protecci\u00f3n de Datos.<\/p>\n<h3><strong>1.\u00a0\u00a0\u00a0\u00a0\u00a0<\/strong><strong>Datos del responsable del tratamiento<\/strong><\/h3>\n<p>GRUPO KRESALA TECHNOLOGIES S.L.<\/p>\n<p>CIF: B95687836<\/p>\n<p>GRAN VIA 81, PLANTA 2\u00ba<\/p>\n<p>48011 Bilbao (Espa\u00f1a)<\/p>\n<h3><strong>2.\u00a0\u00a0\u00a0\u00a0\u00a0<\/strong><strong>Finalidad<\/strong><\/h3>\n<p><strong>\u00bfCon qu\u00e9 finalidad tratamos sus datos personales?<\/strong><\/p>\n<p>En GRUPO KRESALA TECHNOLOGIES S.L.. tratamos la informaci\u00f3n que nos facilitan las personas interesadas con el fin de poder ofrecerle informaci\u00f3n sobre los productos de su inter\u00e9s y gestionar la relaci\u00f3n comercial.<\/p>\n<p><strong>\u00bfPor cu\u00e1nto tiempo conservaremos sus datos?<\/strong><\/p>\n<p>Los datos personales proporcionados se conservar\u00e1n mientras se mantenga la relaci\u00f3n mercantil o no se solicite su supresi\u00f3n por el interesado.<\/p>\n<h3><strong>3.\u00a0\u00a0\u00a0\u00a0\u00a0<\/strong><strong>Legitimaci\u00f3n<\/strong><\/h3>\n<p><strong>\u00bfCu\u00e1l es la legitimaci\u00f3n para el tratamiento de sus datos?<\/strong><\/p>\n<p>La base legal para el tratamiento de sus datos es solicitar su consentimiento para el tratamiento de sus datos personales de conformidad con lo establecido en el Reglamento Europeo (UE) 2016\/279 sobre protecci\u00f3n de datos personales. En el caso de nuestros clientes y proveedores, el tratamiento est\u00e1 legitimado por la ejecuci\u00f3n de un acuerdo de suministro de productos.<\/p>\n<h3><strong>4.\u00a0\u00a0\u00a0\u00a0\u00a0<\/strong><strong>Destinatarios<\/strong><\/h3>\n<p><strong>\u00bfA qu\u00e9 destinatarios se comunicar\u00e1n sus datos?<\/strong><\/p>\n<p>Los datos facilitados no ser\u00e1n comunicados ni cedidos a terceros, salvo en los casos de cumplimiento legal o aquellos necesarios para cumplir con nuestras obligaciones con las Administraciones Tributarias, Seguridad Social y entidades financieras.<\/p>\n<h3><strong>5.\u00a0\u00a0\u00a0\u00a0\u00a0<\/strong><strong>Derechos<\/strong><\/h3>\n<p><strong>\u00bfCu\u00e1les son sus derechos cuando nos facilita sus datos?<\/strong><\/p>\n<p>Cualquier persona tiene derecho a obtener confirmaci\u00f3n sobre si en GRUPO KRESALA TECHNOLOGIES S.L. estamos tratando datos personales que les conciernan o no.<\/p>\n<p>Las personas interesadas tienen derecho a acceder a sus datos personales, solicitar la rectificaci\u00f3n de los datos inexactos o, en su caso, solicitar su supresi\u00f3n cuando, entre otros motivos, los datos ya no sean necesarios para los fines que fueron recogidos.<br \/>\nEn determinadas circunstancias, los interesados podr\u00e1n solicitar la limitaci\u00f3n del tratamiento de sus datos, en cuyo caso \u00fanicamente los conservaremos para el ejercicio o la defensa de reclamaciones.<\/p>\n<p>En determinadas circunstancias y por motivos relacionados con su situaci\u00f3n particular, los interesados podr\u00e1n oponerse al tratamiento de sus datos. GRUPO KRESALA TECHNOLOGIES S.L. dejar\u00e1 de tratar los datos, salvo por motivos leg\u00edtimos imperiosos o el ejercicio o la defensa de posibles reclamaciones.<\/p>\n<p>Para el ejercicio de sus derechos, deber\u00e1 indicar en su solicitud su nombre completo y derecho que ejercita, junto con una copia de su DNI o documento equivalente acreditativo de su identidad.<\/p>\n<p>Adem\u00e1s, tendr\u00e1 derecho a presentar una reclamaci\u00f3n ante la Agencia Espa\u00f1ola de Protecci\u00f3n de Datos, cuando no haya obtenido satisfacci\u00f3n en el ejercicio de sus derechos.<\/li>\n<\/ul>\n<p>[\/vc_column_text][\/vc_column][\/vc_row]<\/p>\n<\/div>","protected":false},"excerpt":{"rendered":"<p>[vc_row css=&#8221;.vc_custom_1695807022837{padding-top: 4% !important;padding-bottom: 4% !important;}&#8221;][vc_column][vc_column_text] POL\u00cdTICA DE PRIVACIDAD Nuestra Pol\u00edtica de Privacidad se ha dise\u00f1ado de acuerdo con el Reglamento General de Protecci\u00f3n de Datos de la UE 2016\/679, relativo a la protecci\u00f3n de las personas f\u00edsicas en lo que respecta al tratamiento de datos personales y a la libre circulaci\u00f3n de estos datos.&hellip;<\/p>\n","protected":false},"author":1,"featured_media":0,"parent":0,"menu_order":0,"comment_status":"closed","ping_status":"closed","template":"","meta":{"footnotes":""},"class_list":["post-758","page","type-page","status-publish","hentry","description-off"],"_links":{"self":[{"href":"https:\/\/grupokresalatechnologies.com\/en\/wp-json\/wp\/v2\/pages\/758","targetHints":{"allow":["GET"]}}],"collection":[{"href":"https:\/\/grupokresalatechnologies.com\/en\/wp-json\/wp\/v2\/pages"}],"about":[{"href":"https:\/\/grupokresalatechnologies.com\/en\/wp-json\/wp\/v2\/types\/page"}],"author":[{"embeddable":true,"href":"https:\/\/grupokresalatechnologies.com\/en\/wp-json\/wp\/v2\/users\/1"}],"replies":[{"embeddable":true,"href":"https:\/\/grupokresalatechnologies.com\/en\/wp-json\/wp\/v2\/comments?post=758"}],"version-history":[{"count":4,"href":"https:\/\/grupokresalatechnologies.com\/en\/wp-json\/wp\/v2\/pages\/758\/revisions"}],"predecessor-version":[{"id":1199,"href":"https:\/\/grupokresalatechnologies.com\/en\/wp-json\/wp\/v2\/pages\/758\/revisions\/1199"}],"wp:attachment":[{"href":"https:\/\/grupokresalatechnologies.com\/en\/wp-json\/wp\/v2\/media?parent=758"}],"curies":[{"name":"wp","href":"https:\/\/api.w.org\/{rel}","templated":true}]}}